{"id":11284,"date":"2018-05-23T07:33:28","date_gmt":"2018-05-23T05:33:28","guid":{"rendered":"http:\/\/www.webmagazyny.pl\/?page_id=11284"},"modified":"2018-05-25T07:54:56","modified_gmt":"2018-05-25T05:54:56","slug":"rodo","status":"publish","type":"page","link":"https:\/\/www.webmagazyny.pl\/?page_id=11284","title":{"rendered":"RODO"},"content":{"rendered":"<p>Szanowni Pa\u0144stwo,<br \/>\nuprzejmie informujemy, \u017ce firma &#8222;HOLKAP&#8221; Sp\u00f3\u0142ka z Ograniczon\u0105 Odpowiedzialno\u015bci\u0105 ul. Daszy\u0144skiego 29,<br \/>\n85-791 Bydgoszcz, dalej jako &#8222;HOLKAP&#8221; Sp. z o.o. przetwarza Pa\u0144stwa dane, kt\u00f3re przekazali nam Pa\u0144stwo na<br \/>\npodstawie dobrowolnie wyra\u017conej zgody. W\u015br\u00f3d tych informacji mog\u0105 pojawi\u0107 si\u0119 dane, kt\u00f3re na gruncie<br \/>\nRozporz\u0105dzenia Parlamentu Europejskiego i Rady Unii Europejskiej 2016\/679 z dnia 27 kwietnia 2016 r. w<br \/>\nsprawie ochrony os\u00f3b fizycznych w zwi\u0105zku z przetwarzaniem danych osobowych i w sprawie swobodnego<br \/>\nprzep\u0142ywu takich danych oraz uchylenia dyrektywy 95\/46\/WE (dalej nazwa RODO), maj\u0105 charakter danych<br \/>\nosobowych.<br \/>\nZgodnie z obowi\u0105zuj\u0105cymi przepisami dotycz\u0105cymi ochrony danych osobowych, w szczeg\u00f3lno\u015bci z Og\u00f3lnym<br \/>\nRozporz\u0105dzeniem Ochrony Danych (RODO), celem zapewnienia w\u0142a\u015bciwej ochrony danych osobowych, osobie,<br \/>\nkt\u00f3rej dane dotycz\u0105 nale\u017cy przede wszystkim poda\u0107 informacje dotycz\u0105ce przetwarzania jej danych osobowych<br \/>\nw zale\u017cno\u015bci od tego, czy zosta\u0142y one pozyskane bezpo\u015brednio od osoby, kt\u00f3rej dane dotycz\u0105, czy te\u017c z innych<br \/>\n\u017ar\u00f3de\u0142.<br \/>\nW \u015bwietle powy\u017cszego pragniemy poinformowa\u0107 Pa\u0144stwa, \u017ce:<br \/>\n1. Administratorem Pani\/Pana danych osobowych (dalej: administrator danych) jest: &#8222;HOLKAP&#8221; Sp\u00f3\u0142ka z<br \/>\nOgraniczon\u0105 Odpowiedzialno\u015bci\u0105 ul. Daszy\u0144skiego 29, 85-791 Bydgoszcz tel. 52 339 45 00. Z<br \/>\nAdministratorem mo\u017cna si\u0119 kontaktowa\u0107 pisemnie, za pomoc\u0105 poczty tradycyjnej na podany powy\u017cej<br \/>\nadres lub na e-mail: odo@holkap.pl.<br \/>\n2. Pani\/Pana dane osobowe s\u0105 przetwarzane w oparciu o niezb\u0119dno\u015b\u0107 przetwarzania do cel\u00f3w wynikaj\u0105cych<br \/>\nz prawnie uzasadnionych interes\u00f3w realizowanych przez administratora danych lub przez stron\u0119 trzeci\u0105.<br \/>\n3. Prawnie uzasadnione interesy realizowane przez administratora danych polegaj\u0105 na oferowaniu klientom<br \/>\nprodukt\u00f3w i us\u0142ug, kt\u00f3re przede wszystkim przyczyniaj\u0105 si\u0119 do zwi\u0119kszenia stabilno\u015bci i bezpiecze\u0144stwa<br \/>\nobrotu gospodarczego.<br \/>\n4. Pani\/Pana dane osobowe s\u0105 przetwarzane w celu dostarczania kompleksowej informacji w ramach<br \/>\noferowanych przez administratora danych produkt\u00f3w, jak r\u00f3wnie\u017c w celach statystycznych.<br \/>\n5. Administrator przetwarza Pani\/Pana dane osobowe w zakresie, w jakim zosta\u0142y one udost\u0119pniane przez<br \/>\nPani\u0105\/Pana<br \/>\n6. Pani\/Pana dane osobowe nie s\u0105 przekazywane do odbiorc\u00f3w w pa\u0144stwach trzecich, tj. poza Europejski<br \/>\nObszar Gospodarczy (EOG).<br \/>\n7. Pani\/Pana dane osobowe b\u0119d\u0105 przetwarzane przez administratora danych przez okres niezb\u0119dny dla<br \/>\nrealizacji prawnie uzasadnionych interes\u00f3w administratora danych.<br \/>\n8. W zwi\u0105zku z przetwarzaniem Pani\/Pana danych osobowych przys\u0142uguje Pani\/Panu prawo do:<br \/>\n&#8211; \u017c\u0105dania od Administratora dost\u0119pu do Pani\/Pana danych osobowych,<br \/>\n&#8211; \u017c\u0105dania od Administratora sprostowania Pani\/Pana danych osobowych,<br \/>\n&#8211; \u017c\u0105dania od Administratora usuni\u0119cia Pani\/Pana danych osobowych,<br \/>\n&#8211; \u017c\u0105dania od Administratora ograniczenia przetwarzania Pani\/Pana danych osobowych,<br \/>\n&#8211; wniesienia sprzeciwu wobec przetwarzania Pani\/pana danych osobowych,<br \/>\n&#8211; przenoszenia Pani\/Pana danych osobowych,<br \/>\n&#8211; wniesienia skargi do organu nadzorczego.<br \/>\n9. Administrator danych dok\u0142ada wszelkich stara\u0144, aby zapewni\u0107 wszelkie \u015brodki fizycznej, technicznej i<br \/>\norganizacyjnej ochrony danych osobowych przed ich przypadkowym czy umy\u015blnym zniszczeniem,<br \/>\nprzypadkow\u0105 utrat\u0105, zmian\u0105, nieuprawnionym ujawnieniem, wykorzystaniem czy dost\u0119pem, zgodnie ze<br \/>\nwszystkimi obowi\u0105zuj\u0105cymi przepisami.<\/p>\n","protected":false},"excerpt":{"rendered":"<p>Szanowni Pa\u0144stwo, uprzejmie informujemy, \u017ce firma &#8222;HOLKAP&#8221; Sp\u00f3\u0142ka z Ograniczon\u0105 Odpowiedzialno\u015bci\u0105 ul. Daszy\u0144skiego 29, 85-791 Bydgoszcz, dalej jako &#8222;HOLKAP&#8221; Sp. z o.o. przetwarza Pa\u0144stwa dane, kt\u00f3re [&hellip;]<\/p>\n","protected":false},"author":1,"featured_media":0,"parent":0,"menu_order":0,"comment_status":"closed","ping_status":"closed","template":"","meta":[],"_links":{"self":[{"href":"https:\/\/www.webmagazyny.pl\/index.php?rest_route=\/wp\/v2\/pages\/11284"}],"collection":[{"href":"https:\/\/www.webmagazyny.pl\/index.php?rest_route=\/wp\/v2\/pages"}],"about":[{"href":"https:\/\/www.webmagazyny.pl\/index.php?rest_route=\/wp\/v2\/types\/page"}],"author":[{"embeddable":true,"href":"https:\/\/www.webmagazyny.pl\/index.php?rest_route=\/wp\/v2\/users\/1"}],"replies":[{"embeddable":true,"href":"https:\/\/www.webmagazyny.pl\/index.php?rest_route=%2Fwp%2Fv2%2Fcomments&post=11284"}],"version-history":[{"count":5,"href":"https:\/\/www.webmagazyny.pl\/index.php?rest_route=\/wp\/v2\/pages\/11284\/revisions"}],"predecessor-version":[{"id":11291,"href":"https:\/\/www.webmagazyny.pl\/index.php?rest_route=\/wp\/v2\/pages\/11284\/revisions\/11291"}],"wp:attachment":[{"href":"https:\/\/www.webmagazyny.pl\/index.php?rest_route=%2Fwp%2Fv2%2Fmedia&parent=11284"}],"curies":[{"name":"wp","href":"https:\/\/api.w.org\/{rel}","templated":true}]}}