{"id":11124,"date":"2016-12-17T18:46:55","date_gmt":"2016-12-17T17:46:55","guid":{"rendered":"http:\/\/www.webmagazyny.pl\/?page_id=11124"},"modified":"2018-06-26T08:15:12","modified_gmt":"2018-06-26T06:15:12","slug":"regulamin","status":"publish","type":"page","link":"https:\/\/www.webmagazyny.pl\/?page_id=11124","title":{"rendered":"Regulamin"},"content":{"rendered":"<p>&nbsp;<\/p>\n<h4>Regulamin korzystania z aplikacji internetowej Web Magazyny firmy HOLKAP Sp. z o.o.<\/h4>\n<p>Niniejszy Regulamin okre\u015bla zasady korzystania z udost\u0119pnionej przez Holkap Sp. z o.o. Aplikacji umo\u017cliwiaj\u0105cej Klientom sk\u0142adanie zam\u00f3wie\u0144 i pierwsz\u0105 wycen\u0119 ofertow\u0105 us\u0142ug magazynowych, tym za\u015b, kt\u00f3rzy chc\u0105 sk\u0142adowa\u0107 towary na terenie ca\u0142ego kraju i za granic\u0105, sk\u0142adanie zlece\u0144, kontrol\u0119 stan\u00f3w magazynowych oraz wystawianie raport\u00f3w, Kooperantom za\u015b wykonywanie odp\u0142atnie us\u0142ug magazynowych w oparciu o ich zasoby w ramach magazyn\u00f3w rozproszonych nadzorowanych i organizowanych przez firm\u0119 HOLKAP.<\/p>\n<h4>I W tre\u015bci niniejszego Regulaminu wyra\u017ceniom pisanym wielk\u0105 liter\u0105 nadano nast\u0119puj\u0105ce znaczenia:<\/h4>\n<ol class=\"list\">\n<li><strong>Firma<\/strong> &#8211; oznacza sp\u00f3\u0142k\u0119 dzia\u0142aj\u0105c\u0105 pod firm\u0105 HOLKAP Sp. z o.o. z siedzib\u0105 w Bydgoszczy, ul. Daszy\u0144skiego 29, 85-791 Bydgoszcz, wpisan\u0105 do rejestru przedsi\u0119biorc\u00f3w prowadzonego przez S\u0105d Rejonowy w Bydgoszczy XIII Wydzia\u0142 Gospodarczy Krajowego Rejestru S\u0105dowego, pod numerem KRS 0000029177, NIP 554-2405-262, REGON 092909405, kt\u00f3rej kapita\u0142 zak\u0142adowy wynosi 500000 z\u0142 ( w pe\u0142ni op\u0142acony).<\/li>\n<li><strong>Oprogramowanie\/Aplikacja <\/strong>\u2013 oznacza program komputerowy udost\u0119pniany przez FIRMA za pomoc\u0105, kt\u00f3rego osoba zlecaj\u0105ca ma mo\u017cliwo\u015b\u0107 zalogowania si\u0119 i z\u0142o\u017cenia oferty na sk\u0142adowanie towar\u00f3w w magazynach udost\u0119pnianych przez FIRMA.<\/li>\n<li><strong>Regulamin <\/strong>\u2013 oznacza niniejszy Regulamin korzystania z Aplikacji Web Magazynowanie firmy HOLKAP Sp. z o.o. do kt\u00f3rego przestrzegania zobowi\u0105zuje si\u0119 wszystkich U\u017cytkownik\u00f3w korzystaj\u0105cych z Aplikacji<\/li>\n<li><strong>System Informatyczny <\/strong>\u2013 oznacza system teleinformatyczny b\u0119d\u0105cy w posiadaniu FIRMY i umo\u017cliwiaj\u0105cy korzystanie z Oprogramowania, obejmuj\u0105cy w szczeg\u00f3lno\u015bci sprz\u0119t komputerowy, serwery, urz\u0105dzenia peryferyjne, oprogramowanie komputerowe, bazy danych, struktur\u0119 oraz opraw\u0119 graficzn\u0105.<\/li>\n<li><strong>Klient <\/strong>\u2013 oznacza osob\u0119 fizyczn\u0105 lub podmiot gospodarczy, kt\u00f3ry prowadzi dzia\u0142alno\u015b\u0107 gospodarcz\u0105 i korzysta z tej Aplikacji.<\/li>\n<li><strong>Kooperant <\/strong>\u2013 Podmiot gospodarczy, kt\u00f3ry w oparciu o swoje zasoby magazynowe za pomoc\u0105 Aplikacji nawi\u0105zuje wsp\u00f3\u0142prac\u0119 z e-Magazynem.<\/li>\n<\/ol>\n<h4>II Aplikacja<\/h4>\n<ol class=\"list\">\n<li>Klient lub Kooperant mo\u017ce korzysta\u0107 z Aplikacji za pomoc\u0105 w\u0142a\u015bciwie skonfigurowanego komputera po\u0142\u0105czonego z sieci\u0105 internet.<\/li>\n<li>Aplikacja umo\u017cliwia Klientowi lub Kooperantowi wprowadzanie danych do Aplikacji oraz ich podgl\u0105d.<\/li>\n<li>W Aplikacji mog\u0105 by\u0107 eksponowane reklamy oraz inne materia\u0142y promocyjne pochodz\u0105ce od FIRMY b\u0105d\u017a od innych podmiot\u00f3w w tym wsp\u00f3\u0142pracuj\u0105cych.<\/li>\n<li>Funkcjonowanie Aplikacji mo\u017ce ulec zmianie w trakcie korzystania przez Klienta lub Kooperanta.<\/li>\n<\/ol>\n<h4>III Rejestracja U\u017cytkownika<\/h4>\n<ol class=\"list\">\n<li>Wprowadzenie przez Klienta lub Kooperanta za pomoc\u0105 formularza rejestracji zamieszczonego na stronie internetowej <a href=\"http:\/\/webmagazyny.pl\/\"><u>http:\/\/holkap.in2box.com.pl\/<\/u><\/a> niniejszego oprogramowania wymaganych danych i informacji obejmuj\u0105cych m in. Imi\u0119, nazwisko nazw\u0119 firmy, NIP, e-mail, numer telefonu kom\u00f3rkowego, itp. Klient lub Kooperant sam ustala sw\u00f3j login oraz has\u0142o.<\/li>\n<li>Potwierdzenie przez Klienta lub Kooperanta, \u017ce zapozna\u0142 si\u0119 z postanowieniami niniejszego Regulaminu oraz akceptuje jego tre\u015b\u0107 i brzmienie oraz innych wymaganych przez Firm\u0119 o\u015bwiadcze\u0144. Niezaakceptowanie przez Klienta lub Kooperanta tre\u015bci Regulaminu powoduje przerwanie procesu rejestracji;<\/li>\n<li>Po zaakceptowaniu i zweryfikowaniu przez Administratora systemu Klient lub Kooperant po uprzednim zalogowaniu do Aplikacji uzyskuje dost\u0119p do swoich danych. Informacja o zweryfikowaniu i zaakceptowaniu zostaje przes\u0142ana na podany w toku rejestracji adres poczty elektronicznej Klienta lub Kooperanta.<\/li>\n<li>Ustalony przez Klienta lub Kooperanta login i has\u0142o, o kt\u00f3rym mowa jest w ust. 1 powy\u017cej, s\u0142u\u017cy\u0107 b\u0119dzie do logowania si\u0119 do Aplikacji. Klient i Kooperant zobowi\u0105zuje si\u0119 nie udost\u0119pnia\u0107 osob\u0105 trzecim wcze\u015bniej ustalonego przez siebie loginu i has\u0142a.<\/li>\n<li>Z chwil\u0105 zako\u0144czenia procedury rejestracji tworzony jest dost\u0119p do Aplikacji, z kt\u00f3rej Klient lub Kooperant mo\u017ce korzysta\u0107 po uprzednim zalogowaniu si\u0119 na stronie internetowej Aplikacji za pomoc\u0105 ustalonego wcze\u015bniej loginu i has\u0142a<\/li>\n<li>Klient lub Kooperant zobowi\u0105zany jest do korzystania z Aplikacji zgodnie z jej przeznaczeniem oraz funkcjonalno\u015bci\u0105.<\/li>\n<li>Klient lub Kooperant nie mo\u017ce udost\u0119pnia\u0107 loginu i has\u0142a osobom trzecim lub w jakikolwiek inny spos\u00f3b umo\u017cliwia\u0107 korzystanie z Aplikacji z wykorzystaniem jego loginu i has\u0142a. Z Aplikacji mo\u017ce korzysta\u0107 wy\u0142\u0105cznie Klient lub Kooperant.<\/li>\n<li>Klient lub Kooperant zobowi\u0105zany jest do podania w trakcie rejestracji prawdziwych danych osobowych i kontaktowych, niezb\u0119dnych dla prawid\u0142owego funkcjonowania Aplikacji, a tak\u017ce do ich aktualizacji i informowania o tym Administratora Aplikacji.<\/li>\n<\/ol>\n<h4>IV Korzystanie z Aplikacji<\/h4>\n<ol class=\"list\">\n<li>Klient lub Kooperant mo\u017ce wprowadza\u0107 Dane do Aplikacji, kt\u00f3ra umo\u017cliwia wystawianie okre\u015blonych dokument\u00f3w zwi\u0105zanych ze z\u0142o\u017conymi przez Klienta lub Kooperanta zleceniami. Aplikacja dzia\u0142a na podstawie Danych wprowadzonych przez Klienta lub Kooperanta.<\/li>\n<li>Klient lub Kooperant mo\u017ce wykorzysta\u0107 Aplikacj\u0119 wy\u0142\u0105cznie w zakresie funkcji Aplikacji oraz powinien post\u0119powa\u0107 zgodnie z wy\u015bwietlanymi w niej komunikatami.<\/li>\n<li>Przed skorzystaniem przez Klienta lub Kooperanta z Aplikacji, Klient lub Kooperant zobowi\u0105zany jest do weryfikacji prawid\u0142owo\u015bci Danych oraz poprawno\u015bci wylicze\u0144 wykonanych przy u\u017cyciu Aplikacji.<\/li>\n<li>Klient lub Kooperant samodzielnie podejmuje decyzj\u0119 o korzystaniu z Oprogramowania oraz ponosi odpowiedzialno\u015b\u0107 za czynno\u015bci wykonywane przy wykorzystaniu Aplikacji.<\/li>\n<li>Klient lub Kooperant zobowi\u0105zany jest do korzystania z Aplikacji w spos\u00f3b zgodny z powszechnie obowi\u0105zuj\u0105cymi przepisami prawa i dobrymi obyczajami w szczeg\u00f3lno\u015bci zobowi\u0105zuje si\u0119 szanowa\u0107 dobra osobiste i prawa w\u0142asno\u015bci intelektualnej os\u00f3b trzecich.<\/li>\n<\/ol>\n<h4>V Obowi\u0105zki Klienta lub Kooperanta<\/h4>\n<ol class=\"list\">\n<li>Klient lub Kooperant zobowi\u0105zany jest do:<\/li>\n<li>Podpisania umowy z FIRM\u0104.<\/li>\n<li>Przestrzegania wszystkich postanowie\u0144 Regulaminu<\/li>\n<li>Przestrzegania wszelkich powszechnie obowi\u0105zuj\u0105cych przepis\u00f3w prawa oraz powszechnie obowi\u0105zuj\u0105cych zasad korzystania z sieci Internet,<\/li>\n<li>Nieprowadzenia jakichkolwiek dzia\u0142a\u0144 zagra\u017caj\u0105cych bezpiecze\u0144stwu Systemu Informatycznego lub system\u00f3w komputerowych os\u00f3b trzecich,<\/li>\n<li>Zapoznania si\u0119 ze wszystkimi zmianami Regulaminu.<\/li>\n<\/ol>\n<h4>VI Zakaz dzia\u0142a\u0144 bezprawnych<\/h4>\n<ol class=\"list\">\n<li>Firma nie sprawdza ani nie rozpowszechnia danych logistycznych wprowadzonych przez Klienta lub Kooperanta do Aplikacji.<\/li>\n<li>Klient lub Kooperant nie mo\u017ce wprowadza\u0107 do Systemu Aplikacji, w tym przechowywa\u0107 lub analizowa\u0107 , danych i informacji nienale\u017c\u0105cych do niego. Klient lub Kooperant nie mo\u017ce \u015bwiadczy\u0107 za pomoc\u0105 lub przy wykorzystaniu Aplikacji jakichkolwiek us\u0142ug na rzecz os\u00f3b trzecich.<\/li>\n<li>Zabronione jest korzystanie z Aplikacji w celu destabilizacji pracy, poufno\u015bci lub integralno\u015bci Systemu, innych system\u00f3w komputerowych nale\u017c\u0105cych do Firmy lub os\u00f3b trzecich. Klient lub Kooperant mo\u017ce korzysta\u0107 z Aplikacji wy\u0142\u0105cznie w spos\u00f3b zgodny z jej przeznaczeniem i funkcjonalno\u015bci\u0105 okre\u015blon\u0105 w niniejszym Regulaminie.<\/li>\n<\/ol>\n<h4>VII Warunki techniczne<\/h4>\n<ol class=\"list\">\n<li>Korzystanie z Aplikacji mo\u017cliwe jest pod warunkiem dysponowania przez Klienta lub Kooperanta systemem teleinformatycznym spe\u0142niaj\u0105cym nast\u0119puj\u0105ce minimalne wymagania techniczne:\n<ol class=\"list list_alpha\">\n<li>Posiada dost\u0119p do internetu,<\/li>\n<li>Zastosowanie przegl\u0105darek internetowych Firefox (wersja 32 i wy\u017cej), Internet Explorer (wersja od 10 w g\u00f3r\u0119), Chrome (wersja 37 i wy\u017cej), Safari 5.0 oraz innych wskazywanych przez Firm\u0119, skonfigurowanych w spos\u00f3b umo\u017cliwiaj\u0105cy korzystanie z Java script, cookies, SSL oraz aplet\u00f3w Java.<\/li>\n<\/ol>\n<\/li>\n<li>W zwi\u0105zku z korzystaniem z Aplikacji, w niekt\u00f3rych przypadkach w systemie teleinformatycznym Klienta lub Kooperanta mog\u0105 zosta\u0107 zainstalowane \/ pobrane:\n<ol class=\"list list_alpha\">\n<li>Oprogramowanie,<\/li>\n<li>Pliki Cookies<\/li>\n<\/ol>\n<\/li>\n<li>Aplikacja zosta\u0142a zoptymalizowana dla wy\u015bwietlania w przegl\u0105darkach internetowych przy zastosowanej rozdzielczo\u015bci ekranu 1366 x 768 oraz wy\u017cszej.<\/li>\n<\/ol>\n<h4>VIII Odpowiedzialno\u015b\u0107<\/h4>\n<ol class=\"list\">\n<li>Firma nie ponosi odpowiedzialno\u015bci za prawdziwo\u015b\u0107, kompletno\u015b\u0107, aktualno\u015b\u0107 wprowadzanych Danych.<\/li>\n<li>Firma nie ponosi odpowiedzialno\u015bci za skutki dzia\u0142a\u0144 oraz decyzji podejmowanych przez Klienta lub Kooperanta w oparciu o dane wygenerowane przez Aplikacje.<\/li>\n<li>Klient lub Kooperant ponosi odpowiedzialno\u015b\u0107 za wprowadzone do Aplikacji Dane, w szczeg\u00f3lno\u015bci za dane niezb\u0119dne do prawid\u0142owego wystawienia faktur VAT.<\/li>\n<li>Kooperant ponosi odpowiedzialno\u015b\u0107 za prawid\u0142owe wysy\u0142anie FIRMIE za po\u015brednictwem Aplikacji faktur w wersji elektronicznej , w szczeg\u00f3lno\u015bci za uzyskanie od FIRMY akceptacji na wysy\u0142anie takich faktur.<\/li>\n<\/ol>\n<h4>IX Reklamacje<\/h4>\n<ol class=\"list\">\n<li>Klient lub Kooperant mo\u017ce zg\u0142osi\u0107 reklamacj\u0119:\n<ol class=\"list list_alpha\">\n<li>Drog\u0105 elektroniczn\u0105 poprzez Aplikacj\u0119 Web Magazyn.<\/li>\n<li>Za pomoc\u0105 formularza reklamacyjnego dost\u0119pnego na stronie internetowej Web Magazynowanie lub klikaj\u0105c na ten link::<\/li>\n<li>Dodatkowo, telefonicznie tel. 52 339 45 07 oraz pisemnie na adres siedziby Firmy ul. Bydgoskich Przemys\u0142owc\u00f3w 3, 85-869 Bydgoszcz.<\/li>\n<\/ol>\n<\/li>\n<li>Firma rozpatruje reklamacj\u0119 niezw\u0142ocznie tylko wys\u0142ane droga elektroniczna jak w pk 1a. a po jej otrzymaniu, jednak\u017ce nie p\u00f3\u017aniej ni\u017c w terminie 30 dni od dnia otrzymania.<\/li>\n<li>W szczeg\u00f3lnie skomplikowanych przypadkach, uniemo\u017cliwiaj\u0105cych rozpatrzenie reklamacji i udzielenie odpowiedzi w terminie 30 \u2013 dniowym., Firma w informacji przekazanej Klientowi lub Kooperantowi, kt\u00f3ry wyst\u0105pi\u0142 z reklamacj\u0105 za po\u015brednictwem Aplikacji Web Magazynowanie,\/li&gt;\n<ol class=\"list list_alpha\">\n<li>Wyja\u015bnia przyczyn\u0119 op\u00f3\u017anienia;<\/li>\n<li>Wskazuje okoliczno\u015bci, kt\u00f3re musz\u0105 zosta\u0107 ustalone dla rozpatrzenia sprawy;<\/li>\n<li>Okre\u015bla przewidywany termin rozpatrzenia reklamacji i udzielenia odpowiedzi, kt\u00f3ry nie mo\u017ce przekroczy\u0107 60 dni od dnia otrzymania reklamacji.<\/li>\n<\/ol>\n<\/li>\n<li>Odpowied\u017a na reklamacj\u0119 Firma udziela w postaci elektronicznej za po\u015brednictwem Aplikacji e-Magazyn.<\/li>\n<\/ol>\n<h4>X Dane osobowe<\/h4>\n<ol class=\"list\">\n<li>W zwi\u0105zku z gromadzeniem w ramach Aplikacji przez Firm\u0119 danych osobowych Klienta lub Kooperanta s\u0105 one przetwarzane na podstawie art. 23 ust.1 pkt 3 i pkt 5 Ustawy z dnia 29 sierpnia 1997 roku o ochronie danych osobowych(tekst jedn. DzU z 2002 r. Nr 101, poz. 925 ze zm.) w celu realizacji us\u0142ugi zwi\u0105zanej z administrowaniem udost\u0119pnion\u0105 przez Firm\u0119 Aplikacj\u0105, a tak\u017ce w celu marketingu w\u0142asnych produkt\u00f3w i us\u0142ug Firmy.<\/li>\n<li>Administratorem Danych jest Firma. Przedmiotowe dane osobowe s\u0105 zbierane w celu, o kt\u00f3rym mowa w ust. 1, a tak\u017ce w celach archiwizacyjnym i statystycznym. Dane mog\u0105 by\u0107 r\u00f3wnie\u017c przetwarzane w celu oferowania produkt\u00f3w i us\u0142ug podmiot\u00f3w trzecich powi\u0105zanych z Firm\u0105. Podanie danych jest dobrowolne, a ka\u017cda osoba ma prawo dost\u0119pu do tre\u015bci swoich danych oraz ich poprawiania. Zgoda osoby, kt\u00f3rej dane dotycz\u0105, wyra\u017cana jest poprzez odznaczenie odpowiedniego okna w formularzu rejestracyjnym\/kontaktowym.<\/li>\n<li>Na podstawie art. 32 ust. 1 pkt 8 ustawy o ochronie danych osobowych Klient lub Kooperant ma prawo do wniesienia sprzeciwu wobec przetwarzania jego danych osobowych przez Administratora Danych w celach marketingowych lub wobec przekazywania jego danych osobowych innemu administratorowi danych. W tym celu nale\u017cy wys\u0142a\u0107 poczt\u0105 elektroniczn\u0105 na adres : <a href=\"mailto:ksi%C4%99gowo%C5%9Bc@holkap.pl\"><u>ksiegowosc@holkap.pl<\/u><\/a> stosowne \u017c\u0105danie wraz z podaniem imienia i nazwiska Klienta lub Kooperanta.<\/li>\n<li>W przypadku przetwarzania danych osobowych przez Firm\u0119 na podstawie art. 23 ust. 1 pkt 1 Ustawy o ochronie danych osobowych, tj. zgody osoby, kt\u00f3rej dane dotycz\u0105, stosownie do tre\u015bci art. 7 pkt. 5 ww. ustawy zgoda mo\u017ce by\u0107 odwo\u0142ana w ka\u017cdym czasie. Niniejsze uprawnienie jest realizowane poprzez wys\u0142anie poczt\u0105 elektroniczn\u0105 na adres <a href=\"mailto:ksi%C4%99gowo%C5%9Bc@holkap.pl\"><u>ksiegowosc@holkap.pl<\/u><\/a> stosownego \u017c\u0105dania wraz z podaniem imienia, nazwiska oraz NIP-u firmy Klienta lub Kooperanta.<\/li>\n<li>Klient lub Kooperant poprzez zaznaczenie odpowiedniego okna w formularzu rejestracyjnym, mo\u017ce wyrazi\u0107 zgod\u0119 lub nie wyrazi\u0107 zgody na otrzymywanie informacji handlowej za pomoc\u0105 \u015brodk\u00f3w komunikacji elektronicznej, zgodnie z Ustaw\u0105 z dnia 18 lipca 2002 roku o \u015bwiadczeniu us\u0142ug drog\u0105 elektroniczn\u0105 (DzU. Nr 144, poz. 1204 ze zm.). W przypadku gdy Klient lub Kooperant wyrazi\u0142 zgod\u0119 na otrzymywanie informacji handlowej za pomoc\u0105 komunikacji elektronicznej, ma on prawo odwo\u0142ania niniejszej zgody a ka\u017cdym czasie. Skorzystanie z prawa odwo\u0142ania zgody na otrzymywanie informacji handlowej jest realizowane poprzez wys\u0142anie poczt\u0105 elektroniczn\u0105 do Administratora Danych (<a href=\"mailto:ksi%C4%99gowo%C5%9B%C4%87@holkap.pl\"><u>ksiegowosc@holkap.pl<\/u><\/a>) stosownego \u017c\u0105dania wraz z podaniem imienia, nazwiska oraz NIP-u firmy Klienta lub Kooperanta.<\/li>\n<li>W trosce o najwy\u017csz\u0105 jako\u015b\u0107 obs\u0142ugi wszystkie rozmowy telefoniczne z klientami mog\u0105 by\u0107 nagrywane.<\/li>\n<\/ol>\n<h4>XI Postanowienia ko\u0144cowe<\/h4>\n<ol class=\"list\">\n<li>Firma, udost\u0119pniaj\u0105c Aplikacj\u0119, nie \u015bwiadczy na rzecz Klienta lub Kooperanta jakiejkolwiek us\u0142ugi b\u0105d\u017a doradztwa zwi\u0105zanych z czynno\u015bciami ksi\u0119gowymi. Klient lub Kooperant samodzielnie korzysta z Aplikacji.<\/li>\n<li>Firma udost\u0119pnia aktualn\u0105 tre\u015b\u0107 niniejszego Regulaminu na stronie internetowej zwi\u0105zanej z aplikacj\u0105; ( <a href=\"http:\/\/webmagazyny.pl\/\"><u>http:\/\/holkap.in2box.com.pl\/<\/u><\/a> )<\/li>\n<li>Firma uprawniona jest do dokonania zmiany postanowie\u0144 Regulaminu w szczeg\u00f3lno\u015bci w sytuacji : zmiany sposobu prowadzenia Aplikacji, zmiany stanu prawnego skutkuj\u0105cej konieczno\u015bci\u0105 wprowadzenia zmian w Regulaminie, zmiany systemu informatycznego Firmy wymuszaj\u0105cej zmian\u0119 postanowie\u0144 umownych, poprawy przez Firm\u0119 bezpiecze\u0144stwa lub poziomu ochrony danych osobowych, rozszerzenia lub ulepszenia funkcji Aplikacji.<\/li>\n<li>Zmiany, o kt\u00f3rych mowa w ust.3, obowi\u0105zuj\u0105 Klienta lub Kooperanta od terminu okre\u015blonego przez Firm\u0119, nie kr\u00f3tszego ni\u017c 14 dni, je\u017celi przed up\u0142ywem 14 dni od dnia poinformowania U\u017cytkownika o zmianach U\u017cytkownik nie zrezygnuje z korzystania z Aplikacji. Je\u017celi Klient lub Kooperant nie zrezygnuje z korzystania z Aplikacji, przyjmuje si\u0119, \u017ce Klient lub Kooperant wyra\u017ca zgod\u0119 na zmiany.<\/li>\n<li>Firma jest uprawniona do zablokowania dost\u0119pu do Aplikacji w przypadku naruszenia przez Klienta lub Kooperanta postanowie\u0144 Regulaminu, podejmowania przez Klienta lub Kooperanta dzia\u0142a\u0144 zmierzaj\u0105cych do naruszenia bezpiecze\u0144stwa danych znajduj\u0105cych si\u0119 w Aplikacji, dokonywania czynno\u015bci niezgodnych z prawem b\u0105d\u017a dzia\u0142aniem na szkod\u0119 Firmy.<\/li>\n<li>Klient lub Kooperant mo\u017ce zaprzesta\u0107 wykorzystywania Aplikacji. W tym celu powinien poinformowa\u0107 Firm\u0119 oraz w terminie kolejnych 30 dni pobra\u0107 Dane oraz wygenerowa\u0107 odpowiednie dokumenty ksi\u0119gowe z Aplikacji w spos\u00f3b wskazany przez Firm\u0119.<\/li>\n<li>Z tytu\u0142u korzystania z Aplikacji Firma pobiera op\u0142aty od Klienta jak i Kooperanta wg cennika.<\/li>\n<\/ol>\n<p>&nbsp;<\/p>\n","protected":false},"excerpt":{"rendered":"<p>&nbsp; Regulamin korzystania z aplikacji internetowej Web Magazyny firmy HOLKAP Sp. z o.o. Niniejszy Regulamin okre\u015bla zasady korzystania z udost\u0119pnionej przez Holkap Sp. z o.o. Aplikacji [&hellip;]<\/p>\n","protected":false},"author":1,"featured_media":11267,"parent":0,"menu_order":0,"comment_status":"closed","ping_status":"closed","template":"","meta":[],"_links":{"self":[{"href":"https:\/\/www.webmagazyny.pl\/index.php?rest_route=\/wp\/v2\/pages\/11124"}],"collection":[{"href":"https:\/\/www.webmagazyny.pl\/index.php?rest_route=\/wp\/v2\/pages"}],"about":[{"href":"https:\/\/www.webmagazyny.pl\/index.php?rest_route=\/wp\/v2\/types\/page"}],"author":[{"embeddable":true,"href":"https:\/\/www.webmagazyny.pl\/index.php?rest_route=\/wp\/v2\/users\/1"}],"replies":[{"embeddable":true,"href":"https:\/\/www.webmagazyny.pl\/index.php?rest_route=%2Fwp%2Fv2%2Fcomments&post=11124"}],"version-history":[{"count":23,"href":"https:\/\/www.webmagazyny.pl\/index.php?rest_route=\/wp\/v2\/pages\/11124\/revisions"}],"predecessor-version":[{"id":11293,"href":"https:\/\/www.webmagazyny.pl\/index.php?rest_route=\/wp\/v2\/pages\/11124\/revisions\/11293"}],"wp:featuredmedia":[{"embeddable":true,"href":"https:\/\/www.webmagazyny.pl\/index.php?rest_route=\/wp\/v2\/media\/11267"}],"wp:attachment":[{"href":"https:\/\/www.webmagazyny.pl\/index.php?rest_route=%2Fwp%2Fv2%2Fmedia&parent=11124"}],"curies":[{"name":"wp","href":"https:\/\/api.w.org\/{rel}","templated":true}]}}